{"id":1805,"date":"2024-03-06T18:07:15","date_gmt":"2024-03-06T23:07:15","guid":{"rendered":"https:\/\/autism911.org\/?page_id=1805"},"modified":"2024-03-06T19:15:04","modified_gmt":"2024-03-07T00:15:04","slug":"privacy-policy-for-autism911","status":"publish","type":"page","link":"https:\/\/autism911.org\/es\/privacy-policy-for-autism911\/","title":{"rendered":"Privacy Policy for Autism911"},"content":{"rendered":"<div data-elementor-type=\"wp-page\" data-elementor-id=\"1805\" class=\"elementor elementor-1805\" data-elementor-post-type=\"page\">\n\t\t\t\t<div class=\"elementor-element elementor-element-9e09a8b e-flex e-con-boxed e-con e-parent\" data-id=\"9e09a8b\" data-element_type=\"container\" data-settings=\"{&quot;background_background&quot;:&quot;classic&quot;}\">\n\t\t\t\t\t<div class=\"e-con-inner\">\n\t\t\t\t<div class=\"elementor-element elementor-element-df52c32 elementor-widget elementor-widget-heading\" data-id=\"df52c32\" data-element_type=\"widget\" data-widget_type=\"heading.default\">\n\t\t\t\t<div class=\"elementor-widget-container\">\n\t\t\t<style>\/*! elementor - v3.23.0 - 05-08-2024 *\/\n.elementor-heading-title{padding:0;margin:0;line-height:1}.elementor-widget-heading .elementor-heading-title[class*=elementor-size-]>a{color:inherit;font-size:inherit;line-height:inherit}.elementor-widget-heading .elementor-heading-title.elementor-size-small{font-size:15px}.elementor-widget-heading .elementor-heading-title.elementor-size-medium{font-size:19px}.elementor-widget-heading .elementor-heading-title.elementor-size-large{font-size:29px}.elementor-widget-heading .elementor-heading-title.elementor-size-xl{font-size:39px}.elementor-widget-heading .elementor-heading-title.elementor-size-xxl{font-size:59px}<\/style><h2 class=\"elementor-heading-title elementor-size-default\">Pol\u00edtica de Privacidad de Autism911:<\/h2>\t\t<\/div>\n\t\t\t\t<\/div>\n\t\t\t\t<div class=\"elementor-element elementor-element-977e59a elementor-widget elementor-widget-heading\" data-id=\"977e59a\" data-element_type=\"widget\" data-widget_type=\"heading.default\">\n\t\t\t\t<div class=\"elementor-widget-container\">\n\t\t\t<h2 class=\"elementor-heading-title elementor-size-default\">Introducci\u00f3n:<\/h2>\t\t<\/div>\n\t\t\t\t<\/div>\n\t\t\t\t<div class=\"elementor-element elementor-element-7cc72fa elementor-widget__width-initial elementor-widget elementor-widget-text-editor\" data-id=\"7cc72fa\" data-element_type=\"widget\" data-widget_type=\"text-editor.default\">\n\t\t\t\t<div class=\"elementor-widget-container\">\n\t\t\t<style>\/*! elementor - v3.23.0 - 05-08-2024 *\/\n.elementor-widget-text-editor.elementor-drop-cap-view-stacked .elementor-drop-cap{background-color:#69727d;color:#fff}.elementor-widget-text-editor.elementor-drop-cap-view-framed .elementor-drop-cap{color:#69727d;border:3px solid;background-color:transparent}.elementor-widget-text-editor:not(.elementor-drop-cap-view-default) .elementor-drop-cap{margin-top:8px}.elementor-widget-text-editor:not(.elementor-drop-cap-view-default) .elementor-drop-cap-letter{width:1em;height:1em}.elementor-widget-text-editor .elementor-drop-cap{float:left;text-align:center;line-height:1;font-size:50px}.elementor-widget-text-editor .elementor-drop-cap-letter{display:inline-block}<\/style>\t\t\t\t<p>Autism911 valora la privacidad y seguridad de la informaci\u00f3n proporcionada por los usuarios de nuestro Sitio Web. Esta pol\u00edtica mejorada describe nuestros compromisos y responsabilidades en salvaguardar tus datos personales y asegurar la transparencia en nuestras pr\u00e1cticas.<\/p>\t\t\t\t\t\t<\/div>\n\t\t\t\t<\/div>\n\t\t\t\t<div class=\"elementor-element elementor-element-0afd807 elementor-widget elementor-widget-heading\" data-id=\"0afd807\" data-element_type=\"widget\" data-widget_type=\"heading.default\">\n\t\t\t\t<div class=\"elementor-widget-container\">\n\t\t\t<h2 class=\"elementor-heading-title elementor-size-default\">Pr\u00e1cticas de Recolecci\u00f3n de Informaci\u00f3n:<\/h2>\t\t<\/div>\n\t\t\t\t<\/div>\n\t\t\t\t<div class=\"elementor-element elementor-element-a6b215d elementor-widget__width-initial elementor-widget elementor-widget-text-editor\" data-id=\"a6b215d\" data-element_type=\"widget\" data-widget_type=\"text-editor.default\">\n\t\t\t\t<div class=\"elementor-widget-container\">\n\t\t\t\t\t\t\t<ul><li><strong>\u2022\tTipos de Informaci\u00f3n Recopilada:<\/strong> Adem\u00e1s de la informaci\u00f3n personal b\u00e1sica (nombre, detalles de contacto), tambi\u00e9n podemos recoger informaci\u00f3n demogr\u00e1fica (como edad, intereses), informaci\u00f3n sobre c\u00f3mo se usa el Sitio Web (qu\u00e9 p\u00e1ginas se visitan, duraci\u00f3n de la visita) y cualquier contenido que proporciones a trav\u00e9s de interacciones como foros o chats de servicio al cliente.<\/li><li><strong>Cookies y Tecnolog\u00edas de Seguimiento:<\/strong> Utilizamos cookies y tecnolog\u00edas similares para mejorar la experiencia del usuario, analizar tendencias y recoger informaci\u00f3n demogr\u00e1fica. Los usuarios pueden controlar el uso de cookies a nivel de navegador individual, pero si eliges desactivar las cookies, puede limitar el uso de ciertas funciones o servicios en nuestro Sitio Web.<\/li><\/ul>\t\t\t\t\t\t<\/div>\n\t\t\t\t<\/div>\n\t\t\t\t<div class=\"elementor-element elementor-element-3454bc8 elementor-widget elementor-widget-heading\" data-id=\"3454bc8\" data-element_type=\"widget\" data-widget_type=\"heading.default\">\n\t\t\t\t<div class=\"elementor-widget-container\">\n\t\t\t<h2 class=\"elementor-heading-title elementor-size-default\">Uso de Tu Informaci\u00f3n:<\/h2>\t\t<\/div>\n\t\t\t\t<\/div>\n\t\t\t\t<div class=\"elementor-element elementor-element-2f5f3cc elementor-widget__width-initial elementor-widget elementor-widget-text-editor\" data-id=\"2f5f3cc\" data-element_type=\"widget\" data-widget_type=\"text-editor.default\">\n\t\t\t\t<div class=\"elementor-widget-container\">\n\t\t\t\t\t\t\t<ul><li style=\"text-align: left;\"><strong>Personalizaci\u00f3n y Mejora:<\/strong> Para adaptar el contenido, recomendaciones y ofertas que te mostramos, tanto en nuestro Sitio Web como en otros lugares.<\/li><li><strong>Comunicaci\u00f3n:<\/strong> Para informarte sobre cambios en nuestros servicios, proporcionar soporte al cliente y enviarte ofertas y promociones si has optado por recibirlos.<\/li><li><strong>Investigaci\u00f3n y Desarrollo:<\/strong> Para mejorar nuestro Sitio Web, servicios y experiencia del usuario a trav\u00e9s de encuestas y retroalimentaci\u00f3n.<\/li><\/ul>\t\t\t\t\t\t<\/div>\n\t\t\t\t<\/div>\n\t\t\t\t<div class=\"elementor-element elementor-element-6072b8f elementor-widget elementor-widget-heading\" data-id=\"6072b8f\" data-element_type=\"widget\" data-widget_type=\"heading.default\">\n\t\t\t\t<div class=\"elementor-widget-container\">\n\t\t\t<h2 class=\"elementor-heading-title elementor-size-default\">Compartir Tu Informaci\u00f3n:<\/h2>\t\t<\/div>\n\t\t\t\t<\/div>\n\t\t\t\t<div class=\"elementor-element elementor-element-a1cea7d elementor-widget__width-initial elementor-widget elementor-widget-text-editor\" data-id=\"a1cea7d\" data-element_type=\"widget\" data-widget_type=\"text-editor.default\">\n\t\t\t\t<div class=\"elementor-widget-container\">\n\t\t\t\t\t\t\t<ul><li><strong>Con Consentimiento:<\/strong> Compartiremos informaci\u00f3n personal con compa\u00f1\u00edas, organizaciones o individuos fuera de Autism911 cuando tengamos tu consentimiento para hacerlo.<\/li><li><strong>Para Procesamiento Externo:<\/strong> Proporcionamos informaci\u00f3n personal a nuestros afiliados u otras empresas o personas de confianza para procesarla por nosotros, basado en nuestras instrucciones y en conformidad con nuestra Pol\u00edtica de Privacidad y cualquier otra medida de confidencialidad y seguridad apropiada.<\/li><li><strong>Por Razones Legales:<\/strong> Compartiremos informaci\u00f3n personal con compa\u00f1\u00edas, organizaciones o individuos fuera de Autism911 si creemos que el acceso, uso, preservaci\u00f3n o divulgaci\u00f3n de la informaci\u00f3n es razonablemente necesario para cumplir con cualquier ley, regulaci\u00f3n, proceso legal o solicitud gubernamental ejecutable.<\/li><\/ul>\t\t\t\t\t\t<\/div>\n\t\t\t\t<\/div>\n\t\t\t\t<div class=\"elementor-element elementor-element-513bad2 elementor-widget elementor-widget-heading\" data-id=\"513bad2\" data-element_type=\"widget\" data-widget_type=\"heading.default\">\n\t\t\t\t<div class=\"elementor-widget-container\">\n\t\t\t<h2 class=\"elementor-heading-title elementor-size-default\">Tus Derechos de Privacidad:<\/h2>\t\t<\/div>\n\t\t\t\t<\/div>\n\t\t\t\t<div class=\"elementor-element elementor-element-6730b52 elementor-widget__width-initial elementor-widget elementor-widget-text-editor\" data-id=\"6730b52\" data-element_type=\"widget\" data-widget_type=\"text-editor.default\">\n\t\t\t\t<div class=\"elementor-widget-container\">\n\t\t\t\t\t\t\t<ul><li><strong>Retiro de Consentimiento:<\/strong> Puedes retirar el consentimiento para el procesamiento de tus datos en cualquier momento, sujeto a restricciones legales o contractuales y un aviso razonable.<\/li><\/ul>\t\t\t\t\t\t<\/div>\n\t\t\t\t<\/div>\n\t\t\t\t<div class=\"elementor-element elementor-element-8828c52 elementor-widget elementor-widget-heading\" data-id=\"8828c52\" data-element_type=\"widget\" data-widget_type=\"heading.default\">\n\t\t\t\t<div class=\"elementor-widget-container\">\n\t\t\t<h2 class=\"elementor-heading-title elementor-size-default\">Seguridad de Datos:<\/h2>\t\t<\/div>\n\t\t\t\t<\/div>\n\t\t\t\t<div class=\"elementor-element elementor-element-f0748d4 elementor-widget__width-initial elementor-widget elementor-widget-text-editor\" data-id=\"f0748d4\" data-element_type=\"widget\" data-widget_type=\"text-editor.default\">\n\t\t\t\t<div class=\"elementor-widget-container\">\n\t\t\t\t\t\t\t<ul><li><strong>Medidas Mejoradas: Utilizamos medidas de seguridad avanzadas, incluyendo herramientas de encriptaci\u00f3n y autenticaci\u00f3n, para proteger la seguridad de tu informaci\u00f3n personal.<\/strong> We use advanced security measures, including encryption and authentication tools, to protect the security of your personal information.<\/li><\/ul>\t\t\t\t\t\t<\/div>\n\t\t\t\t<\/div>\n\t\t\t\t<div class=\"elementor-element elementor-element-b3a3e53 elementor-widget elementor-widget-heading\" data-id=\"b3a3e53\" data-element_type=\"widget\" data-widget_type=\"heading.default\">\n\t\t\t\t<div class=\"elementor-widget-container\">\n\t\t\t<h2 class=\"elementor-heading-title elementor-size-default\">Cambios en Nuestra Pol\u00edtica de Privacidad:<\/h2>\t\t<\/div>\n\t\t\t\t<\/div>\n\t\t\t\t<div class=\"elementor-element elementor-element-bcd59b6 elementor-widget__width-initial elementor-widget elementor-widget-text-editor\" data-id=\"bcd59b6\" data-element_type=\"widget\" data-widget_type=\"text-editor.default\">\n\t\t\t\t<div class=\"elementor-widget-container\">\n\t\t\t\t\t\t\t<p>Esta secci\u00f3n puede permanecer en gran medida igual, se\u00f1alando que se informar\u00e1 a los usuarios sobre cambios significativos a trav\u00e9s de canales m\u00e1s directos, como el correo electr\u00f3nico, adem\u00e1s de actualizaciones en el sitio web.<\/p>\t\t\t\t\t\t<\/div>\n\t\t\t\t<\/div>\n\t\t\t\t\t<\/div>\n\t\t\t\t<\/div>\n\t\t<div class=\"elementor-element elementor-element-a9fbac4 e-flex e-con-boxed e-con e-parent\" data-id=\"a9fbac4\" data-element_type=\"container\">\n\t\t\t\t\t<div class=\"e-con-inner\">\n\t\t\t\t<div class=\"elementor-element elementor-element-9501e54 elementor-widget__width-inherit elementor-widget elementor-widget-image\" data-id=\"9501e54\" data-element_type=\"widget\" data-widget_type=\"image.default\">\n\t\t\t\t<div class=\"elementor-widget-container\">\n\t\t\t<style>\/*! elementor - v3.23.0 - 05-08-2024 *\/\n.elementor-widget-image{text-align:center}.elementor-widget-image a{display:inline-block}.elementor-widget-image a img[src$=\".svg\"]{width:48px}.elementor-widget-image img{vertical-align:middle;display:inline-block}<\/style>\t\t\t\t\t\t\t\t\t\t<img fetchpriority=\"high\" decoding=\"async\" width=\"1024\" height=\"209\" src=\"https:\/\/autism911.org\/wp-content\/uploads\/2023\/08\/adorno-2.1-1-1024x209.png\" class=\"attachment-large size-large wp-image-1603\" alt=\"\" srcset=\"https:\/\/autism911.org\/wp-content\/uploads\/2023\/08\/adorno-2.1-1-1024x209.png 1024w, https:\/\/autism911.org\/wp-content\/uploads\/2023\/08\/adorno-2.1-1-300x61.png 300w, https:\/\/autism911.org\/wp-content\/uploads\/2023\/08\/adorno-2.1-1-768x156.png 768w, https:\/\/autism911.org\/wp-content\/uploads\/2023\/08\/adorno-2.1-1-1536x313.png 1536w, https:\/\/autism911.org\/wp-content\/uploads\/2023\/08\/adorno-2.1-1.png 1924w\" sizes=\"(max-width: 1024px) 100vw, 1024px\" \/>\t\t\t\t\t\t\t\t\t\t\t\t\t<\/div>\n\t\t\t\t<\/div>\n\t\t\t\t\t<\/div>\n\t\t\t\t<\/div>\n\t\t\t\t<\/div>","protected":false},"excerpt":{"rendered":"<p>Privacy Policy for Autism911: Introduction: Autism911 values the privacy and security of the information provided by users of our Website. This enhanced policy outlines our commitments and responsibilities in safeguarding your personal data and ensuring transparency in our practices. Disclaimers and Limitations of Liability: Types of Information Collected: In addition to the basic personal information [&hellip;]<\/p>","protected":false},"author":1,"featured_media":0,"parent":0,"menu_order":0,"comment_status":"closed","ping_status":"closed","template":"","meta":{"site-sidebar-layout":"no-sidebar","site-content-layout":"page-builder","ast-site-content-layout":"","site-content-style":"default","site-sidebar-style":"default","ast-global-header-display":"","ast-banner-title-visibility":"","ast-main-header-display":"","ast-hfb-above-header-display":"","ast-hfb-below-header-display":"","ast-hfb-mobile-header-display":"","site-post-title":"disabled","ast-breadcrumbs-content":"","ast-featured-img":"disabled","footer-sml-layout":"","theme-transparent-header-meta":"","adv-header-id-meta":"","stick-header-meta":"","header-above-stick-meta":"","header-main-stick-meta":"","header-below-stick-meta":"","astra-migrate-meta-layouts":"default","ast-page-background-enabled":"default","ast-page-background-meta":{"desktop":{"background-color":"var(--ast-global-color-4)","background-image":"","background-repeat":"repeat","background-position":"center center","background-size":"auto","background-attachment":"scroll","background-type":"","background-media":"","overlay-type":"","overlay-color":"","overlay-opacity":"","overlay-gradient":""},"tablet":{"background-color":"","background-image":"","background-repeat":"repeat","background-position":"center center","background-size":"auto","background-attachment":"scroll","background-type":"","background-media":"","overlay-type":"","overlay-color":"","overlay-opacity":"","overlay-gradient":""},"mobile":{"background-color":"","background-image":"","background-repeat":"repeat","background-position":"center center","background-size":"auto","background-attachment":"scroll","background-type":"","background-media":"","overlay-type":"","overlay-color":"","overlay-opacity":"","overlay-gradient":""}},"ast-content-background-meta":{"desktop":{"background-color":"var(--ast-global-color-5)","background-image":"","background-repeat":"repeat","background-position":"center center","background-size":"auto","background-attachment":"scroll","background-type":"","background-media":"","overlay-type":"","overlay-color":"","overlay-opacity":"","overlay-gradient":""},"tablet":{"background-color":"var(--ast-global-color-5)","background-image":"","background-repeat":"repeat","background-position":"center center","background-size":"auto","background-attachment":"scroll","background-type":"","background-media":"","overlay-type":"","overlay-color":"","overlay-opacity":"","overlay-gradient":""},"mobile":{"background-color":"var(--ast-global-color-5)","background-image":"","background-repeat":"repeat","background-position":"center center","background-size":"auto","background-attachment":"scroll","background-type":"","background-media":"","overlay-type":"","overlay-color":"","overlay-opacity":"","overlay-gradient":""}},"footnotes":""},"class_list":["post-1805","page","type-page","status-publish","hentry"],"_links":{"self":[{"href":"https:\/\/autism911.org\/es\/wp-json\/wp\/v2\/pages\/1805"}],"collection":[{"href":"https:\/\/autism911.org\/es\/wp-json\/wp\/v2\/pages"}],"about":[{"href":"https:\/\/autism911.org\/es\/wp-json\/wp\/v2\/types\/page"}],"author":[{"embeddable":true,"href":"https:\/\/autism911.org\/es\/wp-json\/wp\/v2\/users\/1"}],"replies":[{"embeddable":true,"href":"https:\/\/autism911.org\/es\/wp-json\/wp\/v2\/comments?post=1805"}],"version-history":[{"count":40,"href":"https:\/\/autism911.org\/es\/wp-json\/wp\/v2\/pages\/1805\/revisions"}],"predecessor-version":[{"id":1876,"href":"https:\/\/autism911.org\/es\/wp-json\/wp\/v2\/pages\/1805\/revisions\/1876"}],"wp:attachment":[{"href":"https:\/\/autism911.org\/es\/wp-json\/wp\/v2\/media?parent=1805"}],"curies":[{"name":"wp","href":"https:\/\/api.w.org\/{rel}","templated":true}]}}