{"id":1597,"date":"2023-08-30T22:43:27","date_gmt":"2023-08-31T02:43:27","guid":{"rendered":"https:\/\/autism911.org\/?page_id=1597"},"modified":"2024-05-03T13:38:11","modified_gmt":"2024-05-03T17:38:11","slug":"history","status":"publish","type":"page","link":"https:\/\/autism911.org\/es\/history\/","title":{"rendered":"Historia"},"content":{"rendered":"<div data-elementor-type=\"wp-page\" data-elementor-id=\"1597\" class=\"elementor elementor-1597\" data-elementor-post-type=\"page\">\n\t\t\t\t<div class=\"elementor-element elementor-element-0be6c8d e-flex e-con-boxed e-con e-parent\" data-id=\"0be6c8d\" data-element_type=\"container\" data-settings=\"{&quot;background_background&quot;:&quot;classic&quot;}\">\n\t\t\t\t\t<div class=\"e-con-inner\">\n\t\t\t\t<div class=\"elementor-element elementor-element-15e134a elementor-widget elementor-widget-heading\" data-id=\"15e134a\" data-element_type=\"widget\" data-widget_type=\"heading.default\">\n\t\t\t\t<div class=\"elementor-widget-container\">\n\t\t\t<style>\/*! elementor - v3.23.0 - 05-08-2024 *\/\n.elementor-heading-title{padding:0;margin:0;line-height:1}.elementor-widget-heading .elementor-heading-title[class*=elementor-size-]>a{color:inherit;font-size:inherit;line-height:inherit}.elementor-widget-heading .elementor-heading-title.elementor-size-small{font-size:15px}.elementor-widget-heading .elementor-heading-title.elementor-size-medium{font-size:19px}.elementor-widget-heading .elementor-heading-title.elementor-size-large{font-size:29px}.elementor-widget-heading .elementor-heading-title.elementor-size-xl{font-size:39px}.elementor-widget-heading .elementor-heading-title.elementor-size-xxl{font-size:59px}<\/style><h2 class=\"elementor-heading-title elementor-size-default\">Misi\u00f3n:<\/h2>\t\t<\/div>\n\t\t\t\t<\/div>\n\t\t\t\t<div class=\"elementor-element elementor-element-96ac817 elementor-widget__width-initial elementor-widget elementor-widget-text-editor\" data-id=\"96ac817\" data-element_type=\"widget\" data-widget_type=\"text-editor.default\">\n\t\t\t\t<div class=\"elementor-widget-container\">\n\t\t\t<style>\/*! elementor - v3.23.0 - 05-08-2024 *\/\n.elementor-widget-text-editor.elementor-drop-cap-view-stacked .elementor-drop-cap{background-color:#69727d;color:#fff}.elementor-widget-text-editor.elementor-drop-cap-view-framed .elementor-drop-cap{color:#69727d;border:3px solid;background-color:transparent}.elementor-widget-text-editor:not(.elementor-drop-cap-view-default) .elementor-drop-cap{margin-top:8px}.elementor-widget-text-editor:not(.elementor-drop-cap-view-default) .elementor-drop-cap-letter{width:1em;height:1em}.elementor-widget-text-editor .elementor-drop-cap{float:left;text-align:center;line-height:1;font-size:50px}.elementor-widget-text-editor .elementor-drop-cap-letter{display:inline-block}<\/style>\t\t\t\t<ul><li>Conectar a las familias con ni\u00f1os con autismo con los profesionales m\u00e1s capacitados en terapia ABA, asegurando una atenci\u00f3n personalizada y de alta calidad que mejore el desarrollo de cada ni\u00f1o. Tambi\u00e9n pretendemos ayudar a las familias que han tenido dificultades para obtener cobertura de seguro para servicios esenciales, garantizando que sus hijos reciban el tratamiento necesario.<\/li><\/ul>\t\t\t\t\t\t<\/div>\n\t\t\t\t<\/div>\n\t\t\t\t<div class=\"elementor-element elementor-element-437b13d elementor-widget elementor-widget-heading\" data-id=\"437b13d\" data-element_type=\"widget\" data-widget_type=\"heading.default\">\n\t\t\t\t<div class=\"elementor-widget-container\">\n\t\t\t<h2 class=\"elementor-heading-title elementor-size-default\">Visi\u00f3n:<\/h2>\t\t<\/div>\n\t\t\t\t<\/div>\n\t\t\t\t<div class=\"elementor-element elementor-element-563cd02 elementor-widget__width-initial elementor-widget elementor-widget-text-editor\" data-id=\"563cd02\" data-element_type=\"widget\" data-widget_type=\"text-editor.default\">\n\t\t\t\t<div class=\"elementor-widget-container\">\n\t\t\t\t\t\t\t<ul><li>Convertirnos en la plataforma de referencia l\u00edder en el campo de la terapia ABA, creando un mundo en el que cada ni\u00f1o con autismo tenga acceso a las herramientas y el apoyo que necesita para prosperar.<\/li><\/ul>\t\t\t\t\t\t<\/div>\n\t\t\t\t<\/div>\n\t\t\t\t<div class=\"elementor-element elementor-element-02fed48 elementor-widget elementor-widget-heading\" data-id=\"02fed48\" data-element_type=\"widget\" data-widget_type=\"heading.default\">\n\t\t\t\t<div class=\"elementor-widget-container\">\n\t\t\t<h2 class=\"elementor-heading-title elementor-size-default\">Valores:<\/h2>\t\t<\/div>\n\t\t\t\t<\/div>\n\t\t\t\t<div class=\"elementor-element elementor-element-124e6f6 elementor-widget__width-initial elementor-widget elementor-widget-text-editor\" data-id=\"124e6f6\" data-element_type=\"widget\" data-widget_type=\"text-editor.default\">\n\t\t\t\t<div class=\"elementor-widget-container\">\n\t\t\t\t\t\t\t<ul><li>Compromiso: Estamos dedicados a nuestra causa y al bienestar de cada familia que nos conf\u00eda su b\u00fasqueda. <\/li><li>Integridad: Actuamos con honestidad, asegurando que cada recomendaci\u00f3n provenga de un lugar de conocimiento y atenci\u00f3n.<\/li><li>Excelencia: Nos esforzamos por mantener los m\u00e1s altos est\u00e1ndares en nuestra red de profesionales.<\/li><li>Empat\u00eda: Entendemos y compartimos los sentimientos de cada familia, actuando siempre con comprensi\u00f3n y respeto.<\/li><\/ul>\t\t\t\t\t\t<\/div>\n\t\t\t\t<\/div>\n\t\t\t\t\t<\/div>\n\t\t\t\t<\/div>\n\t\t<div class=\"elementor-element elementor-element-b5a3efc e-flex e-con-boxed e-con e-parent\" data-id=\"b5a3efc\" data-element_type=\"container\">\n\t\t\t\t\t<div class=\"e-con-inner\">\n\t\t\t\t<div class=\"elementor-element elementor-element-987d6d6 elementor-widget__width-inherit elementor-widget elementor-widget-image\" data-id=\"987d6d6\" data-element_type=\"widget\" data-widget_type=\"image.default\">\n\t\t\t\t<div class=\"elementor-widget-container\">\n\t\t\t<style>\/*! elementor - v3.23.0 - 05-08-2024 *\/\n.elementor-widget-image{text-align:center}.elementor-widget-image a{display:inline-block}.elementor-widget-image a img[src$=\".svg\"]{width:48px}.elementor-widget-image img{vertical-align:middle;display:inline-block}<\/style>\t\t\t\t\t\t\t\t\t\t<img fetchpriority=\"high\" decoding=\"async\" width=\"1024\" height=\"209\" src=\"https:\/\/autism911.org\/wp-content\/uploads\/2023\/08\/adorno-2.1-1-1024x209.png\" class=\"attachment-large size-large wp-image-1603\" alt=\"\" srcset=\"https:\/\/autism911.org\/wp-content\/uploads\/2023\/08\/adorno-2.1-1-1024x209.png 1024w, https:\/\/autism911.org\/wp-content\/uploads\/2023\/08\/adorno-2.1-1-300x61.png 300w, https:\/\/autism911.org\/wp-content\/uploads\/2023\/08\/adorno-2.1-1-768x156.png 768w, https:\/\/autism911.org\/wp-content\/uploads\/2023\/08\/adorno-2.1-1-1536x313.png 1536w, https:\/\/autism911.org\/wp-content\/uploads\/2023\/08\/adorno-2.1-1.png 1924w\" sizes=\"(max-width: 1024px) 100vw, 1024px\" \/>\t\t\t\t\t\t\t\t\t\t\t\t\t<\/div>\n\t\t\t\t<\/div>\n\t\t\t\t\t<\/div>\n\t\t\t\t<\/div>\n\t\t\t\t<\/div>","protected":false},"excerpt":{"rendered":"<p>Mision: To connect families with children with autism to the most skilled professionals in ABA therapy, ensuring personalized and high-quality care that enhances the development of each child. We also aim to assist families who have encountered challenges obtaining insurance coverage for essential services, ensuring their children receive the necessary treatment. Vision: To become the [&hellip;]<\/p>","protected":false},"author":1,"featured_media":0,"parent":0,"menu_order":0,"comment_status":"closed","ping_status":"closed","template":"","meta":{"site-sidebar-layout":"no-sidebar","site-content-layout":"page-builder","ast-site-content-layout":"","site-content-style":"default","site-sidebar-style":"default","ast-global-header-display":"","ast-banner-title-visibility":"","ast-main-header-display":"","ast-hfb-above-header-display":"","ast-hfb-below-header-display":"","ast-hfb-mobile-header-display":"","site-post-title":"disabled","ast-breadcrumbs-content":"","ast-featured-img":"disabled","footer-sml-layout":"","theme-transparent-header-meta":"","adv-header-id-meta":"","stick-header-meta":"","header-above-stick-meta":"","header-main-stick-meta":"","header-below-stick-meta":"","astra-migrate-meta-layouts":"default","ast-page-background-enabled":"default","ast-page-background-meta":{"desktop":{"background-color":"var(--ast-global-color-4)","background-image":"","background-repeat":"repeat","background-position":"center center","background-size":"auto","background-attachment":"scroll","background-type":"","background-media":"","overlay-type":"","overlay-color":"","overlay-opacity":"","overlay-gradient":""},"tablet":{"background-color":"","background-image":"","background-repeat":"repeat","background-position":"center center","background-size":"auto","background-attachment":"scroll","background-type":"","background-media":"","overlay-type":"","overlay-color":"","overlay-opacity":"","overlay-gradient":""},"mobile":{"background-color":"","background-image":"","background-repeat":"repeat","background-position":"center center","background-size":"auto","background-attachment":"scroll","background-type":"","background-media":"","overlay-type":"","overlay-color":"","overlay-opacity":"","overlay-gradient":""}},"ast-content-background-meta":{"desktop":{"background-color":"var(--ast-global-color-5)","background-image":"","background-repeat":"repeat","background-position":"center center","background-size":"auto","background-attachment":"scroll","background-type":"","background-media":"","overlay-type":"","overlay-color":"","overlay-opacity":"","overlay-gradient":""},"tablet":{"background-color":"var(--ast-global-color-5)","background-image":"","background-repeat":"repeat","background-position":"center center","background-size":"auto","background-attachment":"scroll","background-type":"","background-media":"","overlay-type":"","overlay-color":"","overlay-opacity":"","overlay-gradient":""},"mobile":{"background-color":"var(--ast-global-color-5)","background-image":"","background-repeat":"repeat","background-position":"center center","background-size":"auto","background-attachment":"scroll","background-type":"","background-media":"","overlay-type":"","overlay-color":"","overlay-opacity":"","overlay-gradient":""}},"footnotes":""},"class_list":["post-1597","page","type-page","status-publish","hentry"],"_links":{"self":[{"href":"https:\/\/autism911.org\/es\/wp-json\/wp\/v2\/pages\/1597"}],"collection":[{"href":"https:\/\/autism911.org\/es\/wp-json\/wp\/v2\/pages"}],"about":[{"href":"https:\/\/autism911.org\/es\/wp-json\/wp\/v2\/types\/page"}],"author":[{"embeddable":true,"href":"https:\/\/autism911.org\/es\/wp-json\/wp\/v2\/users\/1"}],"replies":[{"embeddable":true,"href":"https:\/\/autism911.org\/es\/wp-json\/wp\/v2\/comments?post=1597"}],"version-history":[{"count":25,"href":"https:\/\/autism911.org\/es\/wp-json\/wp\/v2\/pages\/1597\/revisions"}],"predecessor-version":[{"id":2024,"href":"https:\/\/autism911.org\/es\/wp-json\/wp\/v2\/pages\/1597\/revisions\/2024"}],"wp:attachment":[{"href":"https:\/\/autism911.org\/es\/wp-json\/wp\/v2\/media?parent=1597"}],"curies":[{"name":"wp","href":"https:\/\/api.w.org\/{rel}","templated":true}]}}