{"id":1532,"date":"2023-08-30T16:54:35","date_gmt":"2023-08-30T20:54:35","guid":{"rendered":"https:\/\/autism911.org\/?page_id=1532"},"modified":"2024-05-03T13:36:53","modified_gmt":"2024-05-03T17:36:53","slug":"aba-therapy","status":"publish","type":"page","link":"https:\/\/autism911.org\/es\/aba-therapy\/","title":{"rendered":"Terapia ABA"},"content":{"rendered":"<div data-elementor-type=\"wp-page\" data-elementor-id=\"1532\" class=\"elementor elementor-1532\" data-elementor-post-type=\"page\">\n\t\t\t\t<div class=\"elementor-element elementor-element-e45100b e-flex e-con-boxed e-con e-parent\" data-id=\"e45100b\" data-element_type=\"container\" data-settings=\"{&quot;background_background&quot;:&quot;classic&quot;}\">\n\t\t\t\t\t<div class=\"e-con-inner\">\n\t\t\t\t<div class=\"elementor-element elementor-element-2c0c827 elementor-widget__width-inherit elementor-widget elementor-widget-image\" data-id=\"2c0c827\" data-element_type=\"widget\" data-widget_type=\"image.default\">\n\t\t\t\t<div class=\"elementor-widget-container\">\n\t\t\t<style>\/*! elementor - v3.23.0 - 05-08-2024 *\/\n.elementor-widget-image{text-align:center}.elementor-widget-image a{display:inline-block}.elementor-widget-image a img[src$=\".svg\"]{width:48px}.elementor-widget-image img{vertical-align:middle;display:inline-block}<\/style>\t\t\t\t\t\t\t\t\t\t<img fetchpriority=\"high\" decoding=\"async\" width=\"1024\" height=\"102\" src=\"https:\/\/autism911.org\/wp-content\/uploads\/2023\/08\/adorno-3-1-1024x102.png\" class=\"attachment-large size-large wp-image-1534\" alt=\"\" srcset=\"https:\/\/autism911.org\/wp-content\/uploads\/2023\/08\/adorno-3-1-1024x102.png 1024w, https:\/\/autism911.org\/wp-content\/uploads\/2023\/08\/adorno-3-1-300x30.png 300w, https:\/\/autism911.org\/wp-content\/uploads\/2023\/08\/adorno-3-1-768x76.png 768w, https:\/\/autism911.org\/wp-content\/uploads\/2023\/08\/adorno-3-1-1536x152.png 1536w, https:\/\/autism911.org\/wp-content\/uploads\/2023\/08\/adorno-3-1.png 1924w\" sizes=\"(max-width: 1024px) 100vw, 1024px\" \/>\t\t\t\t\t\t\t\t\t\t\t\t\t<\/div>\n\t\t\t\t<\/div>\n\t\t\t\t\t<\/div>\n\t\t\t\t<\/div>\n\t\t<div class=\"elementor-element elementor-element-7e39354 e-flex e-con-boxed e-con e-parent\" data-id=\"7e39354\" data-element_type=\"container\" data-settings=\"{&quot;background_background&quot;:&quot;classic&quot;}\">\n\t\t\t\t\t<div class=\"e-con-inner\">\n\t\t<div class=\"elementor-element elementor-element-0855661 e-con-full e-flex e-con e-parent\" data-id=\"0855661\" data-element_type=\"container\">\n\t\t\t\t<div class=\"elementor-element elementor-element-0c8342c elementor-widget elementor-widget-heading\" data-id=\"0c8342c\" data-element_type=\"widget\" data-widget_type=\"heading.default\">\n\t\t\t\t<div class=\"elementor-widget-container\">\n\t\t\t<style>\/*! elementor - v3.23.0 - 05-08-2024 *\/\n.elementor-heading-title{padding:0;margin:0;line-height:1}.elementor-widget-heading .elementor-heading-title[class*=elementor-size-]>a{color:inherit;font-size:inherit;line-height:inherit}.elementor-widget-heading .elementor-heading-title.elementor-size-small{font-size:15px}.elementor-widget-heading .elementor-heading-title.elementor-size-medium{font-size:19px}.elementor-widget-heading .elementor-heading-title.elementor-size-large{font-size:29px}.elementor-widget-heading .elementor-heading-title.elementor-size-xl{font-size:39px}.elementor-widget-heading .elementor-heading-title.elementor-size-xxl{font-size:59px}<\/style><h2 class=\"elementor-heading-title elementor-size-default\">Terapia ABA: qu\u00e9 es y sus beneficios<\/h2>\t\t<\/div>\n\t\t\t\t<\/div>\n\t\t\t\t<div class=\"elementor-element elementor-element-a9f0b18 elementor-widget__width-initial elementor-widget elementor-widget-text-editor\" data-id=\"a9f0b18\" data-element_type=\"widget\" data-widget_type=\"text-editor.default\">\n\t\t\t\t<div class=\"elementor-widget-container\">\n\t\t\t<style>\/*! elementor - v3.23.0 - 05-08-2024 *\/\n.elementor-widget-text-editor.elementor-drop-cap-view-stacked .elementor-drop-cap{background-color:#69727d;color:#fff}.elementor-widget-text-editor.elementor-drop-cap-view-framed .elementor-drop-cap{color:#69727d;border:3px solid;background-color:transparent}.elementor-widget-text-editor:not(.elementor-drop-cap-view-default) .elementor-drop-cap{margin-top:8px}.elementor-widget-text-editor:not(.elementor-drop-cap-view-default) .elementor-drop-cap-letter{width:1em;height:1em}.elementor-widget-text-editor .elementor-drop-cap{float:left;text-align:center;line-height:1;font-size:50px}.elementor-widget-text-editor .elementor-drop-cap-letter{display:inline-block}<\/style>\t\t\t\t<p>El An\u00e1lisis de Conducta Aplicado (ABA) es una terapia con base cient\u00edfica basada en los principios del aprendizaje y la conducta. Est\u00e1 dise\u00f1ado espec\u00edficamente para mejorar las conductas sociales, comunicativas y de aprendizaje en personas con autismo y otros trastornos del desarrollo.<\/p>\t\t\t\t\t\t<\/div>\n\t\t\t\t<\/div>\n\t\t\t\t<\/div>\n\t\t\t\t\t<\/div>\n\t\t\t\t<\/div>\n\t\t<div class=\"elementor-element elementor-element-61b538d e-flex e-con-boxed e-con e-parent\" data-id=\"61b538d\" data-element_type=\"container\" data-settings=\"{&quot;background_background&quot;:&quot;classic&quot;}\">\n\t\t\t\t\t<div class=\"e-con-inner\">\n\t\t<div class=\"elementor-element elementor-element-8c8ce2c e-con-full e-flex e-con e-parent\" data-id=\"8c8ce2c\" data-element_type=\"container\">\n\t\t\t\t<div class=\"elementor-element elementor-element-decd6b1 elementor-widget elementor-widget-heading\" data-id=\"decd6b1\" data-element_type=\"widget\" data-widget_type=\"heading.default\">\n\t\t\t\t<div class=\"elementor-widget-container\">\n\t\t\t<h2 class=\"elementor-heading-title elementor-size-default\">Beneficios de la terapia ABA<\/h2>\t\t<\/div>\n\t\t\t\t<\/div>\n\t\t\t\t<div class=\"elementor-element elementor-element-426cb01 elementor-widget__width-initial elementor-widget elementor-widget-text-editor\" data-id=\"426cb01\" data-element_type=\"widget\" data-widget_type=\"text-editor.default\">\n\t\t\t\t<div class=\"elementor-widget-container\">\n\t\t\t\t\t\t\t<ul><li>Habilidades sociales mejoradas: la terapia ABA ayuda a los ni\u00f1os a aprender c\u00f3mo interactuar de manera efectiva y adecuada con los dem\u00e1s.<\/li><li>Comunicaci\u00f3n efectiva: la terapia puede ense\u00f1ar a los ni\u00f1os habilidades de comunicaci\u00f3n verbal y no verbal para una expresi\u00f3n m\u00e1s clara.<\/li><li>Reducci\u00f3n de conductas problem\u00e1ticas: ABA proporciona herramientas y estrategias para disminuir conductas no deseadas y promover conductas positivas.<\/li><li>Independencia: Al ense\u00f1ar habilidades de la vida diaria, los ni\u00f1os pueden aprender a ser m\u00e1s independientes en sus actividades diarias.<\/li><li>Habilidades acad\u00e9micas mejoradas: la terapia ABA puede apoyar el desarrollo de habilidades acad\u00e9micas y de aprendizaje, preparando a los ni\u00f1os para entornos educativos.<\/li><\/ul>\t\t\t\t\t\t<\/div>\n\t\t\t\t<\/div>\n\t\t\t\t<\/div>\n\t\t<div class=\"elementor-element elementor-element-9ab3103 e-con-full e-flex e-con e-parent\" data-id=\"9ab3103\" data-element_type=\"container\" data-settings=\"{&quot;background_background&quot;:&quot;classic&quot;}\">\n\t\t\t\t<div class=\"elementor-element elementor-element-b84454f elementor-widget elementor-widget-image\" data-id=\"b84454f\" data-element_type=\"widget\" data-widget_type=\"image.default\">\n\t\t\t\t<div class=\"elementor-widget-container\">\n\t\t\t\t\t\t\t\t\t\t\t\t\t<img decoding=\"async\" width=\"692\" height=\"750\" src=\"https:\/\/autism911.org\/wp-content\/uploads\/2023\/08\/ninas-2.png\" class=\"attachment-large size-large wp-image-762\" alt=\"\" srcset=\"https:\/\/autism911.org\/wp-content\/uploads\/2023\/08\/ninas-2.png 692w, https:\/\/autism911.org\/wp-content\/uploads\/2023\/08\/ninas-2-277x300.png 277w\" sizes=\"(max-width: 692px) 100vw, 692px\" \/>\t\t\t\t\t\t\t\t\t\t\t\t\t<\/div>\n\t\t\t\t<\/div>\n\t\t\t\t<\/div>\n\t\t\t\t\t<\/div>\n\t\t\t\t<\/div>\n\t\t<div class=\"elementor-element elementor-element-58c31aa elementor-hidden-mobile e-flex e-con-boxed e-con e-parent\" data-id=\"58c31aa\" data-element_type=\"container\">\n\t\t\t\t\t<div class=\"e-con-inner\">\n\t\t\t\t<div class=\"elementor-element elementor-element-0e1f3f6 elementor-absolute elementor-widget elementor-widget-heading\" data-id=\"0e1f3f6\" data-element_type=\"widget\" data-settings=\"{&quot;_position&quot;:&quot;absolute&quot;}\" data-widget_type=\"heading.default\">\n\t\t\t\t<div class=\"elementor-widget-container\">\n\t\t\t<h2 class=\"elementor-heading-title elementor-size-default\">La terapia ABA se adapta a cada individuo, lo que significa que se ajusta espec\u00edficamente a las necesidades, fortalezas y desaf\u00edos de cada ni\u00f1o. Con el apoyo adecuado y un terapeuta experimentado, la terapia ABA puede marcar una diferencia significativa en la vida tanto del ni\u00f1o como de su familia.<\/h2>\t\t<\/div>\n\t\t\t\t<\/div>\n\t\t\t\t<div class=\"elementor-element elementor-element-c7726ef elementor-widget elementor-widget-image\" data-id=\"c7726ef\" data-element_type=\"widget\" data-widget_type=\"image.default\">\n\t\t\t\t<div class=\"elementor-widget-container\">\n\t\t\t\t\t\t\t\t\t\t\t\t\t<img decoding=\"async\" width=\"1024\" height=\"209\" src=\"https:\/\/autism911.org\/wp-content\/uploads\/2023\/08\/adorno-2.1-1024x209.png\" class=\"attachment-large size-large wp-image-713\" alt=\"\" srcset=\"https:\/\/autism911.org\/wp-content\/uploads\/2023\/08\/adorno-2.1-1024x209.png 1024w, https:\/\/autism911.org\/wp-content\/uploads\/2023\/08\/adorno-2.1-300x61.png 300w, https:\/\/autism911.org\/wp-content\/uploads\/2023\/08\/adorno-2.1-768x156.png 768w, https:\/\/autism911.org\/wp-content\/uploads\/2023\/08\/adorno-2.1-1536x313.png 1536w, https:\/\/autism911.org\/wp-content\/uploads\/2023\/08\/adorno-2.1.png 1924w\" sizes=\"(max-width: 1024px) 100vw, 1024px\" \/>\t\t\t\t\t\t\t\t\t\t\t\t\t<\/div>\n\t\t\t\t<\/div>\n\t\t\t\t\t<\/div>\n\t\t\t\t<\/div>\n\t\t<div class=\"elementor-element elementor-element-ccea6d8 elementor-hidden-desktop elementor-hidden-tablet e-flex e-con-boxed e-con e-parent\" data-id=\"ccea6d8\" data-element_type=\"container\">\n\t\t\t\t\t<div class=\"e-con-inner\">\n\t\t\t\t<div class=\"elementor-element elementor-element-ec18e73 elementor-widget elementor-widget-heading\" data-id=\"ec18e73\" data-element_type=\"widget\" data-widget_type=\"heading.default\">\n\t\t\t\t<div class=\"elementor-widget-container\">\n\t\t\t<h2 class=\"elementor-heading-title elementor-size-default\">La terapia ABA se adapta a cada individuo, lo que significa que se ajusta espec\u00edficamente a las necesidades, fortalezas y desaf\u00edos de cada ni\u00f1o. Con el apoyo adecuado y un terapeuta experimentado, la terapia ABA puede marcar una diferencia significativa en la vida tanto del ni\u00f1o como de su familia.<\/h2>\t\t<\/div>\n\t\t\t\t<\/div>\n\t\t\t\t<div class=\"elementor-element elementor-element-e75353d elementor-widget elementor-widget-image\" data-id=\"e75353d\" data-element_type=\"widget\" data-widget_type=\"image.default\">\n\t\t\t\t<div class=\"elementor-widget-container\">\n\t\t\t\t\t\t\t\t\t\t\t\t\t<img decoding=\"async\" width=\"1024\" height=\"209\" src=\"https:\/\/autism911.org\/wp-content\/uploads\/2023\/08\/adorno-2.1-1024x209.png\" class=\"attachment-large size-large wp-image-713\" alt=\"\" srcset=\"https:\/\/autism911.org\/wp-content\/uploads\/2023\/08\/adorno-2.1-1024x209.png 1024w, https:\/\/autism911.org\/wp-content\/uploads\/2023\/08\/adorno-2.1-300x61.png 300w, https:\/\/autism911.org\/wp-content\/uploads\/2023\/08\/adorno-2.1-768x156.png 768w, https:\/\/autism911.org\/wp-content\/uploads\/2023\/08\/adorno-2.1-1536x313.png 1536w, https:\/\/autism911.org\/wp-content\/uploads\/2023\/08\/adorno-2.1.png 1924w\" sizes=\"(max-width: 1024px) 100vw, 1024px\" \/>\t\t\t\t\t\t\t\t\t\t\t\t\t<\/div>\n\t\t\t\t<\/div>\n\t\t\t\t\t<\/div>\n\t\t\t\t<\/div>\n\t\t\t\t<\/div>","protected":false},"excerpt":{"rendered":"<p>ABA Therapy: What It Is and Its Benefits Applied Behavior Analysis (ABA) is a scientifically grounded therapy based on the principles of learning and behavior. It is specifically designed to enhance social, communicative, and learning behaviors in individuals with autism and other developmental disorders. Benefits of ABA Therapy Improved Social Skills: ABA therapy helps children [&hellip;]<\/p>","protected":false},"author":1,"featured_media":0,"parent":0,"menu_order":0,"comment_status":"closed","ping_status":"closed","template":"","meta":{"site-sidebar-layout":"no-sidebar","site-content-layout":"page-builder","ast-site-content-layout":"","site-content-style":"default","site-sidebar-style":"default","ast-global-header-display":"","ast-banner-title-visibility":"","ast-main-header-display":"","ast-hfb-above-header-display":"","ast-hfb-below-header-display":"","ast-hfb-mobile-header-display":"","site-post-title":"disabled","ast-breadcrumbs-content":"","ast-featured-img":"disabled","footer-sml-layout":"","theme-transparent-header-meta":"","adv-header-id-meta":"","stick-header-meta":"","header-above-stick-meta":"","header-main-stick-meta":"","header-below-stick-meta":"","astra-migrate-meta-layouts":"default","ast-page-background-enabled":"default","ast-page-background-meta":{"desktop":{"background-color":"var(--ast-global-color-4)","background-image":"","background-repeat":"repeat","background-position":"center center","background-size":"auto","background-attachment":"scroll","background-type":"","background-media":"","overlay-type":"","overlay-color":"","overlay-opacity":"","overlay-gradient":""},"tablet":{"background-color":"","background-image":"","background-repeat":"repeat","background-position":"center center","background-size":"auto","background-attachment":"scroll","background-type":"","background-media":"","overlay-type":"","overlay-color":"","overlay-opacity":"","overlay-gradient":""},"mobile":{"background-color":"","background-image":"","background-repeat":"repeat","background-position":"center center","background-size":"auto","background-attachment":"scroll","background-type":"","background-media":"","overlay-type":"","overlay-color":"","overlay-opacity":"","overlay-gradient":""}},"ast-content-background-meta":{"desktop":{"background-color":"var(--ast-global-color-5)","background-image":"","background-repeat":"repeat","background-position":"center center","background-size":"auto","background-attachment":"scroll","background-type":"","background-media":"","overlay-type":"","overlay-color":"","overlay-opacity":"","overlay-gradient":""},"tablet":{"background-color":"var(--ast-global-color-5)","background-image":"","background-repeat":"repeat","background-position":"center center","background-size":"auto","background-attachment":"scroll","background-type":"","background-media":"","overlay-type":"","overlay-color":"","overlay-opacity":"","overlay-gradient":""},"mobile":{"background-color":"var(--ast-global-color-5)","background-image":"","background-repeat":"repeat","background-position":"center center","background-size":"auto","background-attachment":"scroll","background-type":"","background-media":"","overlay-type":"","overlay-color":"","overlay-opacity":"","overlay-gradient":""}},"footnotes":""},"class_list":["post-1532","page","type-page","status-publish","hentry"],"_links":{"self":[{"href":"https:\/\/autism911.org\/es\/wp-json\/wp\/v2\/pages\/1532"}],"collection":[{"href":"https:\/\/autism911.org\/es\/wp-json\/wp\/v2\/pages"}],"about":[{"href":"https:\/\/autism911.org\/es\/wp-json\/wp\/v2\/types\/page"}],"author":[{"embeddable":true,"href":"https:\/\/autism911.org\/es\/wp-json\/wp\/v2\/users\/1"}],"replies":[{"embeddable":true,"href":"https:\/\/autism911.org\/es\/wp-json\/wp\/v2\/comments?post=1532"}],"version-history":[{"count":43,"href":"https:\/\/autism911.org\/es\/wp-json\/wp\/v2\/pages\/1532\/revisions"}],"predecessor-version":[{"id":2020,"href":"https:\/\/autism911.org\/es\/wp-json\/wp\/v2\/pages\/1532\/revisions\/2020"}],"wp:attachment":[{"href":"https:\/\/autism911.org\/es\/wp-json\/wp\/v2\/media?parent=1532"}],"curies":[{"name":"wp","href":"https:\/\/api.w.org\/{rel}","templated":true}]}}